{"id":24349,"date":"2025-05-21T18:17:26","date_gmt":"2025-05-21T18:17:26","guid":{"rendered":"https:\/\/logistica.multiplikate.com\/?page_id=24349"},"modified":"2025-05-22T07:18:26","modified_gmt":"2025-05-22T07:18:26","slug":"cargas-parciales","status":"publish","type":"page","link":"https:\/\/logisticamas.es\/?page_id=24349","title":{"rendered":"Cargas parciales"},"content":{"rendered":"<p>[et_pb_section fb_built=\u00bb1&#8243; custom_padding_last_edited=\u00bbon|phone\u00bb _builder_version=\u00bb4.27.4&#8243; _module_preset=\u00bbdefault\u00bb background_image=\u00bbhttps:\/\/logisticamas.es\/wp-content\/uploads\/2025\/05\/728.jpg\u00bb background_enable_video_mp4=\u00bboff\u00bb z_index=\u00bb10&#8243; custom_margin=\u00bb0px||0px||false|false\u00bb custom_padding=\u00bb134px||152px||false|false\u00bb custom_padding_tablet=\u00bb134px||152px||false|false\u00bb custom_padding_phone=\u00bb78px||80px||false|false\u00bb global_colors_info=\u00bb{}\u00bb][et_pb_row module_class=\u00bblogistic-9-inlbtn-sc\u00bb _builder_version=\u00bb4.27.4&#8243; _module_preset=\u00bbdefault\u00bb background_color=\u00bbrgba(0,0,0,0.81)\u00bb width=\u00bb65%\u00bb max_width=\u00bb2560px\u00bb custom_margin=\u00bb0px||0px||true|false\u00bb custom_padding=\u00bb25px|25px|25px|25px|true|true\u00bb animation_style=\u00bbzoom\u00bb animation_duration=\u00bb600ms\u00bb animation_speed_curve=\u00bbease\u00bb global_colors_info=\u00bb{}\u00bb][et_pb_column type=\u00bb4_4&#8243; _builder_version=\u00bb4.21.0&#8243; _module_preset=\u00bbdefault\u00bb global_colors_info=\u00bb{}\u00bb][et_pb_text _builder_version=\u00bb4.27.4&#8243; _module_preset=\u00bbdefault\u00bb header_font=\u00bbBarlow Condensed|600||on|||||\u00bb header_text_align=\u00bbleft\u00bb header_text_color=\u00bb#00a7f9&#8243; header_font_size=\u00bb70px\u00bb header_line_height=\u00bb1.1em\u00bb custom_margin=\u00bb0px||25px||false|false\u00bb custom_padding=\u00bb0px||0px||false|false\u00bb header_font_size_tablet=\u00bb80px\u00bb header_font_size_phone=\u00bb40px\u00bb header_font_size_last_edited=\u00bbon|phone\u00bb global_colors_info=\u00bb{}\u00bb]<\/p>\n<h1 style=\"text-align: center;\"><\/h1>\n<h1 style=\"text-align: center;\"><span style=\"color: #ffffff;\">CARGAS PARCIALES<\/span><\/h1>\n<p>[\/et_pb_text][\/et_pb_column][\/et_pb_row][\/et_pb_section][et_pb_section fb_built=\u00bb1&#8243; use_custom_gutter=\u00bbon\u00bb gutter_width=\u00bb1&#8243; specialty=\u00bbon\u00bb custom_padding_last_edited=\u00bbon|tablet\u00bb padding_top_1=\u00bb0px\u00bb padding_top_2=\u00bb0px\u00bb padding_bottom_1=\u00bb0px\u00bb padding_bottom_2=\u00bb0px\u00bb padding_top_bottom_link_1=\u00bbfalse\u00bb padding_top_bottom_link_2=\u00bbfalse\u00bb padding_left_right_link_1=\u00bbfalse\u00bb _builder_version=\u00bb4.27.4&#8243; _module_preset=\u00bbdefault\u00bb inner_width=\u00bb90%\u00bb inner_max_width=\u00bb1170px\u00bb custom_margin=\u00bb0px||0px||false|false\u00bb custom_padding=\u00bb40px||40px||false|false\u00bb custom_padding_tablet=\u00bb120px||120px||false|false\u00bb custom_padding_phone=\u00bb40px||40px||true|false\u00bb animation_style=\u00bbzoom\u00bb global_colors_info=\u00bb{}\u00bb][et_pb_column type=\u00bb2_3&#8243; specialty_columns=\u00bb2&#8243; _builder_version=\u00bb4.16&#8243; custom_padding=\u00bb|||\u00bb global_colors_info=\u00bb{}\u00bb custom_padding__hover=\u00bb|||\u00bb][et_pb_row_inner _builder_version=\u00bb4.27.4&#8243; _module_preset=\u00bbdefault\u00bb width=\u00bb100%\u00bb max_width=\u00bb650px\u00bb custom_margin=\u00bb0px||5px||false|false\u00bb custom_margin_tablet=\u00bb0px||20px||false|false\u00bb custom_margin_phone=\u00bb||15px||false|false\u00bb custom_margin_last_edited=\u00bbon|tablet\u00bb custom_padding=\u00bb0px||0px||false|false\u00bb global_colors_info=\u00bb{}\u00bb][et_pb_column_inner saved_specialty_column_type=\u00bb2_3&#8243; _builder_version=\u00bb4.21.0&#8243; _module_preset=\u00bbdefault\u00bb global_colors_info=\u00bb{}\u00bb][et_pb_text _builder_version=\u00bb4.27.4&#8243; _module_preset=\u00bbdefault\u00bb header_4_font=\u00bbManrope|800|||||||\u00bb header_4_text_align=\u00bbleft\u00bb header_4_text_color=\u00bb#00a7f9&#8243; header_4_font_size=\u00bb15px\u00bb header_4_line_height=\u00bb1.4em\u00bb custom_margin=\u00bb0px||1px||false|false\u00bb custom_padding=\u00bb0px||0px||false|false\u00bb header_4_text_align_tablet=\u00bbleft\u00bb header_4_text_align_phone=\u00bbcenter\u00bb header_4_text_align_last_edited=\u00bbon|phone\u00bb global_colors_info=\u00bb{}\u00bb]<\/p>\n<h4>ADAPTADO A TUS NECESIDADES<\/h4>\n<p>[\/et_pb_text][et_pb_text content_tablet=\u00bb<\/p>\n<h2><em data-start=%22336%22 data-end=%22347%22>Logistics<\/em> \u2013 Donde cada env\u00edo tiene destino seguro<\/h2>\n<p>\u00bb content_phone=\u00bb<\/p>\n<h2 style=%22text-align: center;%22><em data-start=%22336%22 data-end=%22347%22>Logistics<\/em> \u2013 Donde cada env\u00edo tiene destino seguro<\/h2>\n<p>\u00bb content_last_edited=\u00bbon|phone\u00bb _builder_version=\u00bb4.27.4&#8243; _module_preset=\u00bbdefault\u00bb header_2_font=\u00bbBarlow Condensed|600||on|||||\u00bb header_2_text_align=\u00bbleft\u00bb header_2_text_color=\u00bb#1b1a1a\u00bb header_2_font_size=\u00bb52px\u00bb header_2_line_height=\u00bb1.1em\u00bb custom_margin=\u00bb0px||0px||false|false\u00bb custom_padding=\u00bb0px||0px||false|false\u00bb header_2_font_size_tablet=\u00bb52px\u00bb header_2_font_size_phone=\u00bb30px\u00bb header_2_font_size_last_edited=\u00bbon|phone\u00bb global_colors_info=\u00bb{}\u00bb]<\/p>\n<h2>Optimiza tus env\u00edos sin pagar por espacio que no necesitas.<\/h2>\n<p>[\/et_pb_text][\/et_pb_column_inner][\/et_pb_row_inner][et_pb_row_inner use_custom_gutter=\u00bbon\u00bb gutter_width=\u00bb1&#8243; _builder_version=\u00bb4.27.4&#8243; _module_preset=\u00bbdefault\u00bb width=\u00bb100%\u00bb max_width=\u00bb570px\u00bb max_width_tablet=\u00bb100%\u00bb max_width_phone=\u00bb100%\u00bb max_width_last_edited=\u00bbon|tablet\u00bb custom_margin=\u00bb0px||0px||false|false\u00bb custom_padding=\u00bb0px||0px||false|false\u00bb global_colors_info=\u00bb{}\u00bb][et_pb_column_inner saved_specialty_column_type=\u00bb2_3&#8243; _builder_version=\u00bb4.21.0&#8243; _module_preset=\u00bbdefault\u00bb global_colors_info=\u00bb{}\u00bb][et_pb_text _builder_version=\u00bb4.27.4&#8243; _module_preset=\u00bbdefault\u00bb text_font=\u00bbManrope||||||||\u00bb text_text_color=\u00bb#9b9b9b\u00bb text_line_height=\u00bb1.8em\u00bb custom_margin=\u00bb0px|-40px|-1px|0px|false|false\u00bb custom_margin_tablet=\u00bb0px|0px|39px|0px|false|false\u00bb custom_margin_phone=\u00bb||34px||false|false\u00bb custom_margin_last_edited=\u00bbon|tablet\u00bb custom_padding=\u00bb0px||0px||false|false\u00bb global_colors_info=\u00bb{}\u00bb]<\/p>\n<p data-start=\"258\" data-end=\"762\" class=\"\" style=\"text-align: justify;\">Cuando el volumen no justifica un veh\u00edculo completo, las<strong> cargas parciales son la soluci\u00f3n<\/strong> ideal. En <strong><em data-start=\"445\" data-end=\"456\">Logistics<\/em> <\/strong>agrupamos tu mercanc\u00eda con otros env\u00edos compatibles, reduciendo costes sin comprometer seguridad ni tiempos de entrega.<strong> Coordinamos cada detalle con precisi\u00f3n<\/strong>, para que aproveches al m\u00e1ximo cada metro c\u00fabico y tu carga llegue puntual, en perfectas condiciones y con seguimiento constante.<\/p>\n<p>[\/et_pb_text][\/et_pb_column_inner][\/et_pb_row_inner][\/et_pb_column][et_pb_column type=\u00bb1_3&#8243; _builder_version=\u00bb4.16&#8243; custom_padding=\u00bb|||\u00bb global_colors_info=\u00bb{}\u00bb custom_padding__hover=\u00bb|||\u00bb][et_pb_image src=\u00bbhttps:\/\/logisticamas.es\/wp-content\/uploads\/2025\/05\/Logistics-4-scaled.jpg\u00bb title_text=\u00bbparcel delivery with good depth of field. Friendly worker with high quality delivery service.\u00bb align=\u00bbright\u00bb align_tablet=\u00bbcenter\u00bb align_phone=\u00bbcenter\u00bb align_last_edited=\u00bbon|tablet\u00bb _builder_version=\u00bb4.27.4&#8243; _module_preset=\u00bbdefault\u00bb custom_margin=\u00bb37px|0px|0px|-40px|false|false\u00bb custom_margin_tablet=\u00bb0px|0px|0px|0px|false|false\u00bb custom_margin_phone=\u00bb0px|0px|0px|0px|false|false\u00bb custom_margin_last_edited=\u00bbon|tablet\u00bb custom_padding=\u00bb0px||0px||false|false\u00bb hover_enabled=\u00bb0&#8243; border_radii=\u00bbon|3px|3px|3px|3px\u00bb box_shadow_style=\u00bbpreset2&#8243; global_colors_info=\u00bb{}\u00bb sticky_enabled=\u00bb0&#8243;][\/et_pb_image][\/et_pb_column][\/et_pb_section][et_pb_section fb_built=\u00bb1&#8243; custom_padding_last_edited=\u00bbon|tablet\u00bb _builder_version=\u00bb4.27.4&#8243; _module_preset=\u00bbdefault\u00bb background_color=\u00bb#00a7f9&#8243; background_enable_image=\u00bboff\u00bb background_repeat=\u00bbrepeat\u00bb custom_margin=\u00bb0px||0px||false|false\u00bb custom_padding=\u00bb40px||40px||false|false\u00bb custom_padding_tablet=\u00bb205px||193px||false|false\u00bb custom_padding_phone=\u00bb40px||40px||true|false\u00bb custom_css_main_element=\u00bbanimation: scroll 70s linear infinite;||||}||||@keyframes scroll {||   100%{||    background-position:0px -1500px;||  }\u00bb global_colors_info=\u00bb{}\u00bb][et_pb_row column_structure=\u00bb1_2,1_2&#8243; use_custom_gutter=\u00bbon\u00bb gutter_width=\u00bb1&#8243; _builder_version=\u00bb4.27.4&#8243; _module_preset=\u00bbdefault\u00bb width=\u00bb90%\u00bb max_width=\u00bb1170px\u00bb custom_margin=\u00bb0px||0px||false|false\u00bb custom_padding=\u00bb0px||0px||false|false\u00bb animation_style=\u00bbzoom\u00bb global_colors_info=\u00bb{}\u00bb][et_pb_column type=\u00bb1_2&#8243; _builder_version=\u00bb4.21.0&#8243; _module_preset=\u00bbdefault\u00bb global_colors_info=\u00bb{}\u00bb][et_pb_text _builder_version=\u00bb4.27.4&#8243; _module_preset=\u00bbdefault\u00bb header_2_font=\u00bbBarlow Condensed|600||on|||||\u00bb header_2_text_align=\u00bbleft\u00bb header_2_text_color=\u00bb#FFFFFF\u00bb header_2_font_size=\u00bb52px\u00bb header_2_line_height=\u00bb1.1em\u00bb max_width=\u00bb380px\u00bb max_width_tablet=\u00bb100%\u00bb max_width_phone=\u00bb100%\u00bb max_width_last_edited=\u00bbon|tablet\u00bb custom_margin=\u00bb0px||0px||false|false\u00bb custom_margin_tablet=\u00bb0px||30px||false|false\u00bb custom_margin_phone=\u00bb0px||30px||false|false\u00bb custom_margin_last_edited=\u00bbon|tablet\u00bb custom_padding=\u00bb0px||0px||false|false\u00bb header_2_font_size_tablet=\u00bb52px\u00bb header_2_font_size_phone=\u00bb30px\u00bb header_2_font_size_last_edited=\u00bbon|phone\u00bb global_colors_info=\u00bb{}\u00bb]<\/p>\n<h2>Cada env\u00edo cuenta, sin importar su tama\u00f1o.<\/h2>\n<p>[\/et_pb_text][\/et_pb_column][et_pb_column type=\u00bb1_2&#8243; _builder_version=\u00bb4.21.0&#8243; _module_preset=\u00bbdefault\u00bb custom_padding=\u00bb|||10px|false|false\u00bb custom_padding_tablet=\u00bb|||0px|false|false\u00bb custom_padding_phone=\u00bb|||0px|false|false\u00bb custom_padding_last_edited=\u00bbon|tablet\u00bb global_colors_info=\u00bb{}\u00bb][et_pb_text _builder_version=\u00bb4.27.4&#8243; _module_preset=\u00bbdefault\u00bb text_font=\u00bbManrope|600|||||||\u00bb text_text_color=\u00bb#FFFFFF\u00bb text_font_size=\u00bb16px\u00bb text_line_height=\u00bb1.65em\u00bb custom_margin=\u00bb0px||24px||false|false\u00bb custom_margin_tablet=\u00bb0px||51px||false|false\u00bb custom_margin_phone=\u00bb0px||40px||false|false\u00bb custom_margin_last_edited=\u00bbon|phone\u00bb custom_padding=\u00bb0px||0px||false|false\u00bb global_colors_info=\u00bb{}\u00bb]<\/p>\n<p style=\"text-align: justify;\">Ofrecemos un servicio ajustado al volumen real de tu mercanc\u00eda, con la misma dedicaci\u00f3n, trazabilidad y cuidado que en una carga completa. Porque lo peque\u00f1o tambi\u00e9n requiere soluciones grandes y profesionales.<\/p>\n<p>[\/et_pb_text][et_pb_blurb title=\u00bbAhorro log\u00edstico real\u00bb use_icon=\u00bbon\u00bb font_icon=\u00bb&#xf058;||fa||900&#8243; icon_color=\u00bb#FFFFFF\u00bb icon_placement=\u00bbleft\u00bb image_icon_width=\u00bb19px\u00bb content_max_width=\u00bb100%\u00bb _builder_version=\u00bb4.27.4&#8243; _module_preset=\u00bbdefault\u00bb header_font=\u00bbManrope|800|||||||\u00bb header_text_align=\u00bbleft\u00bb header_text_color=\u00bb#FFFFFF\u00bb header_font_size=\u00bb15px\u00bb header_line_height=\u00bb1.6em\u00bb image_icon_custom_margin=\u00bb2px||0px||false|false\u00bb image_icon_custom_margin_tablet=\u00bb2px||0px||false|false\u00bb image_icon_custom_margin_phone=\u00bb3px||0px||false|false\u00bb image_icon_custom_margin_last_edited=\u00bbon|phone\u00bb image_icon_custom_padding=\u00bb0px||0px||false|false\u00bb width=\u00bb50%\u00bb width_tablet=\u00bb50%\u00bb width_phone=\u00bb100%\u00bb width_last_edited=\u00bbon|tablet\u00bb max_width=\u00bb50%\u00bb max_width_tablet=\u00bb50%\u00bb max_width_phone=\u00bb100%\u00bb max_width_last_edited=\u00bbon|tablet\u00bb custom_margin=\u00bb0px||-2px||false|false\u00bb custom_padding=\u00bb0px||0px||false|false\u00bb animation=\u00bboff\u00bb custom_css_main_element=\u00bbdisplay:inline-block;\u00bb custom_css_blurb_title=\u00bbmargin-left:-17px;\u00bb custom_css_blurb_content=\u00bbmargin:0px;\u00bb global_colors_info=\u00bb{}\u00bb header_text_color__hover_enabled=\u00bboff|desktop\u00bb header_text_color__hover=\u00bb#e51d07&#8243;][\/et_pb_blurb][et_pb_blurb title=\u00bbFlexibilidad operativa\u00bb use_icon=\u00bbon\u00bb font_icon=\u00bb&#xf058;||fa||900&#8243; icon_color=\u00bb#FFFFFF\u00bb icon_placement=\u00bbleft\u00bb image_icon_width=\u00bb19px\u00bb content_max_width=\u00bb100%\u00bb _builder_version=\u00bb4.27.4&#8243; _module_preset=\u00bbdefault\u00bb header_font=\u00bbManrope|800|||||||\u00bb header_text_align=\u00bbleft\u00bb header_text_color=\u00bb#FFFFFF\u00bb header_font_size=\u00bb15px\u00bb header_line_height=\u00bb1.6em\u00bb image_icon_custom_margin=\u00bb2px||0px||false|false\u00bb image_icon_custom_margin_tablet=\u00bb2px||0px||false|false\u00bb image_icon_custom_margin_phone=\u00bb3px||0px||false|false\u00bb image_icon_custom_margin_last_edited=\u00bbon|phone\u00bb image_icon_custom_padding=\u00bb0px||0px||false|false\u00bb width=\u00bb50%\u00bb width_tablet=\u00bb50%\u00bb width_phone=\u00bb100%\u00bb width_last_edited=\u00bbon|tablet\u00bb max_width=\u00bb50%\u00bb max_width_tablet=\u00bb50%\u00bb max_width_phone=\u00bb100%\u00bb max_width_last_edited=\u00bbon|tablet\u00bb custom_margin=\u00bb0px||-2px||false|false\u00bb custom_padding=\u00bb0px||0px||false|false\u00bb animation=\u00bboff\u00bb custom_css_main_element=\u00bbdisplay:inline-block;\u00bb custom_css_blurb_title=\u00bbmargin-left:-17px;\u00bb custom_css_blurb_content=\u00bbmargin:0px;\u00bb global_colors_info=\u00bb{}\u00bb header_text_color__hover_enabled=\u00bboff|desktop\u00bb header_text_color__hover=\u00bb#e51d07&#8243;][\/et_pb_blurb][\/et_pb_column][\/et_pb_row][\/et_pb_section]<\/p>\n","protected":false},"excerpt":{"rendered":"<p>CARGAS PARCIALESADAPTADO A TUS NECESIDADESOptimiza tus env\u00edos sin pagar por espacio que no necesitas.Cuando el volumen no justifica un veh\u00edculo completo, las cargas parciales son la soluci\u00f3n ideal. En Logistics agrupamos tu mercanc\u00eda con otros env\u00edos compatibles, reduciendo costes sin comprometer seguridad ni tiempos de entrega. Coordinamos cada detalle con precisi\u00f3n, para que aproveches al [&hellip;]<\/p>\n","protected":false},"author":1,"featured_media":0,"parent":0,"menu_order":0,"comment_status":"closed","ping_status":"closed","template":"","meta":{"_et_pb_use_builder":"on","_et_pb_old_content":"","_et_gb_content_width":"","footnotes":""},"class_list":["post-24349","page","type-page","status-publish","hentry"],"_links":{"self":[{"href":"https:\/\/logisticamas.es\/index.php?rest_route=\/wp\/v2\/pages\/24349","targetHints":{"allow":["GET"]}}],"collection":[{"href":"https:\/\/logisticamas.es\/index.php?rest_route=\/wp\/v2\/pages"}],"about":[{"href":"https:\/\/logisticamas.es\/index.php?rest_route=\/wp\/v2\/types\/page"}],"author":[{"embeddable":true,"href":"https:\/\/logisticamas.es\/index.php?rest_route=\/wp\/v2\/users\/1"}],"replies":[{"embeddable":true,"href":"https:\/\/logisticamas.es\/index.php?rest_route=%2Fwp%2Fv2%2Fcomments&post=24349"}],"version-history":[{"count":6,"href":"https:\/\/logisticamas.es\/index.php?rest_route=\/wp\/v2\/pages\/24349\/revisions"}],"predecessor-version":[{"id":24400,"href":"https:\/\/logisticamas.es\/index.php?rest_route=\/wp\/v2\/pages\/24349\/revisions\/24400"}],"wp:attachment":[{"href":"https:\/\/logisticamas.es\/index.php?rest_route=%2Fwp%2Fv2%2Fmedia&parent=24349"}],"curies":[{"name":"wp","href":"https:\/\/api.w.org\/{rel}","templated":true}]}}